{"id":494,"date":"2025-01-31T09:54:55","date_gmt":"2025-01-31T08:54:55","guid":{"rendered":"https:\/\/fruitsdesvaux.be\/?page_id=494"},"modified":"2025-09-23T19:49:45","modified_gmt":"2025-09-23T18:49:45","slug":"voedselbos","status":"publish","type":"page","link":"https:\/\/fruitsdesvaux.be\/fr\/voedselbos\/","title":{"rendered":"F\u00f4ret nourrici\u00e8re"},"content":{"rendered":"<p><strong>Fruits des Vaux pousse et fleurit. Litt\u00e9ralement.<\/strong><br><\/p>\n\n\n\n<p>Notre for\u00eat nourrici\u00e8re est bien avanc\u00e9e, plant\u00e9e avec soin et d\u00e9vouement pour l'homme et la nature. Nous avons h\u00e2te d'accueillir nos premiers visiteurs et invit\u00e9s d\u00e8s 2027, pour profiter du calme, de la tranquillit\u00e9 et des r\u00e9coltes de cette jeune for\u00eat en plein d\u00e9veloppement. En attendant, d\u00e9couvrez nos impressions ci-dessous\u00a0!<\/p>\n\n\n\n<p>Vous souhaitez en savoir plus sur les for\u00eats nourrici\u00e8res? <a href=\"https:\/\/voedseluithetbos.nl\/en\/kennis\/wat-is-een-voedselbos\/\" data-type=\"link\" data-id=\"https:\/\/voedseluithetbos.nl\/kennis\/wat-is-een-voedselbos\/\" target=\"_blank\" rel=\"noreferrer noopener\">Cliquez ici<\/a> !<\/p>\n\n\n\n<div class=\"wp-block-group is-vertical is-layout-flex wp-container-core-group-is-layout-fe9cc265 wp-block-group-is-layout-flex\">\n<figure class=\"wp-block-image size-large\"><img loading=\"lazy\" decoding=\"async\" width=\"1024\" height=\"507\" src=\"https:\/\/fruitsdesvaux.be\/wp-content\/uploads\/2025\/01\/cropped-cropped-img_7529-5-1024x507.jpg\" alt=\"\" class=\"wp-image-552\" srcset=\"https:\/\/fruitsdesvaux.be\/wp-content\/uploads\/2025\/01\/cropped-cropped-img_7529-5-1024x507.jpg 1024w, https:\/\/fruitsdesvaux.be\/wp-content\/uploads\/2025\/01\/cropped-cropped-img_7529-5-300x148.jpg 300w, https:\/\/fruitsdesvaux.be\/wp-content\/uploads\/2025\/01\/cropped-cropped-img_7529-5-768x380.jpg 768w, https:\/\/fruitsdesvaux.be\/wp-content\/uploads\/2025\/01\/cropped-cropped-img_7529-5.jpg 1500w\" sizes=\"auto, (max-width: 1024px) 100vw, 1024px\" \/><\/figure>\n\n\n\n<figure class=\"wp-block-image size-large\"><img loading=\"lazy\" decoding=\"async\" width=\"1024\" height=\"768\" src=\"https:\/\/fruitsdesvaux.be\/wp-content\/uploads\/2025\/03\/img_8962-1024x768.jpg\" alt=\"\" class=\"wp-image-923\" srcset=\"https:\/\/fruitsdesvaux.be\/wp-content\/uploads\/2025\/03\/img_8962-1024x768.jpg 1024w, https:\/\/fruitsdesvaux.be\/wp-content\/uploads\/2025\/03\/img_8962-300x225.jpg 300w, https:\/\/fruitsdesvaux.be\/wp-content\/uploads\/2025\/03\/img_8962-768x576.jpg 768w, https:\/\/fruitsdesvaux.be\/wp-content\/uploads\/2025\/03\/img_8962-1536x1152.jpg 1536w, https:\/\/fruitsdesvaux.be\/wp-content\/uploads\/2025\/03\/img_8962.jpg 2000w\" sizes=\"auto, (max-width: 1024px) 100vw, 1024px\" \/><\/figure>\n\n\n\n<figure class=\"wp-block-image size-large\"><img loading=\"lazy\" decoding=\"async\" width=\"1024\" height=\"768\" src=\"https:\/\/fruitsdesvaux.be\/wp-content\/uploads\/2025\/01\/img_8176-1024x768.jpg\" alt=\"\" class=\"wp-image-153\" srcset=\"https:\/\/fruitsdesvaux.be\/wp-content\/uploads\/2025\/01\/img_8176-1024x768.jpg 1024w, https:\/\/fruitsdesvaux.be\/wp-content\/uploads\/2025\/01\/img_8176-300x225.jpg 300w, https:\/\/fruitsdesvaux.be\/wp-content\/uploads\/2025\/01\/img_8176-768x576.jpg 768w, https:\/\/fruitsdesvaux.be\/wp-content\/uploads\/2025\/01\/img_8176-1536x1152.jpg 1536w, https:\/\/fruitsdesvaux.be\/wp-content\/uploads\/2025\/01\/img_8176-80x60.jpg 80w, https:\/\/fruitsdesvaux.be\/wp-content\/uploads\/2025\/01\/img_8176.jpg 2000w\" sizes=\"auto, (max-width: 1024px) 100vw, 1024px\" \/><\/figure>\n\n\n\n<figure class=\"wp-block-image size-large\"><img loading=\"lazy\" decoding=\"async\" width=\"1024\" height=\"576\" src=\"https:\/\/fruitsdesvaux.be\/wp-content\/uploads\/2025\/08\/dji_fly_20250629_152500_128_1751203780238_photo_optimized-1024x576.jpg\" alt=\"\" class=\"wp-image-1094\" srcset=\"https:\/\/fruitsdesvaux.be\/wp-content\/uploads\/2025\/08\/dji_fly_20250629_152500_128_1751203780238_photo_optimized-1024x576.jpg 1024w, https:\/\/fruitsdesvaux.be\/wp-content\/uploads\/2025\/08\/dji_fly_20250629_152500_128_1751203780238_photo_optimized-300x169.jpg 300w, https:\/\/fruitsdesvaux.be\/wp-content\/uploads\/2025\/08\/dji_fly_20250629_152500_128_1751203780238_photo_optimized-768x432.jpg 768w, https:\/\/fruitsdesvaux.be\/wp-content\/uploads\/2025\/08\/dji_fly_20250629_152500_128_1751203780238_photo_optimized-1536x864.jpg 1536w, https:\/\/fruitsdesvaux.be\/wp-content\/uploads\/2025\/08\/dji_fly_20250629_152500_128_1751203780238_photo_optimized.jpg 2000w\" sizes=\"auto, (max-width: 1024px) 100vw, 1024px\" \/><\/figure>\n\n\n\n<figure class=\"wp-block-gallery has-nested-images columns-default is-cropped wp-block-gallery-1 is-layout-flex wp-block-gallery-is-layout-flex\">\n<figure class=\"wp-block-image size-large\"><img loading=\"lazy\" decoding=\"async\" width=\"768\" height=\"1024\" data-id=\"806\" src=\"https:\/\/fruitsdesvaux.be\/wp-content\/uploads\/2025\/03\/img_4661-768x1024.jpg\" alt=\"\" class=\"wp-image-806\" srcset=\"https:\/\/fruitsdesvaux.be\/wp-content\/uploads\/2025\/03\/img_4661-768x1024.jpg 768w, https:\/\/fruitsdesvaux.be\/wp-content\/uploads\/2025\/03\/img_4661-225x300.jpg 225w, https:\/\/fruitsdesvaux.be\/wp-content\/uploads\/2025\/03\/img_4661-1152x1536.jpg 1152w, https:\/\/fruitsdesvaux.be\/wp-content\/uploads\/2025\/03\/img_4661.jpg 1500w\" sizes=\"auto, (max-width: 768px) 100vw, 768px\" \/><\/figure>\n\n\n\n<figure class=\"wp-block-image size-large\"><img loading=\"lazy\" decoding=\"async\" width=\"1024\" height=\"768\" data-id=\"807\" src=\"https:\/\/fruitsdesvaux.be\/wp-content\/uploads\/2025\/03\/img_4582-1024x768.jpg\" alt=\"\" class=\"wp-image-807\" srcset=\"https:\/\/fruitsdesvaux.be\/wp-content\/uploads\/2025\/03\/img_4582-1024x768.jpg 1024w, https:\/\/fruitsdesvaux.be\/wp-content\/uploads\/2025\/03\/img_4582-300x225.jpg 300w, https:\/\/fruitsdesvaux.be\/wp-content\/uploads\/2025\/03\/img_4582-768x576.jpg 768w, https:\/\/fruitsdesvaux.be\/wp-content\/uploads\/2025\/03\/img_4582-1536x1152.jpg 1536w, https:\/\/fruitsdesvaux.be\/wp-content\/uploads\/2025\/03\/img_4582.jpg 2000w\" sizes=\"auto, (max-width: 1024px) 100vw, 1024px\" \/><\/figure>\n\n\n\n<figure class=\"wp-block-image size-large\"><img loading=\"lazy\" decoding=\"async\" width=\"768\" height=\"1024\" data-id=\"804\" src=\"https:\/\/fruitsdesvaux.be\/wp-content\/uploads\/2025\/03\/img_7164-768x1024.jpg\" alt=\"\" class=\"wp-image-804\" srcset=\"https:\/\/fruitsdesvaux.be\/wp-content\/uploads\/2025\/03\/img_7164-768x1024.jpg 768w, https:\/\/fruitsdesvaux.be\/wp-content\/uploads\/2025\/03\/img_7164-225x300.jpg 225w, https:\/\/fruitsdesvaux.be\/wp-content\/uploads\/2025\/03\/img_7164-1152x1536.jpg 1152w, https:\/\/fruitsdesvaux.be\/wp-content\/uploads\/2025\/03\/img_7164.jpg 1500w\" sizes=\"auto, (max-width: 768px) 100vw, 768px\" \/><\/figure>\n\n\n\n<figure class=\"wp-block-image size-large\"><img loading=\"lazy\" decoding=\"async\" width=\"768\" height=\"1024\" data-id=\"805\" src=\"https:\/\/fruitsdesvaux.be\/wp-content\/uploads\/2025\/03\/img_4531-768x1024.jpg\" alt=\"\" class=\"wp-image-805\" srcset=\"https:\/\/fruitsdesvaux.be\/wp-content\/uploads\/2025\/03\/img_4531-768x1024.jpg 768w, https:\/\/fruitsdesvaux.be\/wp-content\/uploads\/2025\/03\/img_4531-225x300.jpg 225w, https:\/\/fruitsdesvaux.be\/wp-content\/uploads\/2025\/03\/img_4531-1152x1536.jpg 1152w, https:\/\/fruitsdesvaux.be\/wp-content\/uploads\/2025\/03\/img_4531.jpg 1500w\" sizes=\"auto, (max-width: 768px) 100vw, 768px\" \/><\/figure>\n\n\n\n<figure class=\"wp-block-image size-large\"><img loading=\"lazy\" decoding=\"async\" width=\"768\" height=\"1024\" data-id=\"803\" src=\"https:\/\/fruitsdesvaux.be\/wp-content\/uploads\/2025\/03\/img_2878-768x1024.jpg\" alt=\"\" class=\"wp-image-803\" srcset=\"https:\/\/fruitsdesvaux.be\/wp-content\/uploads\/2025\/03\/img_2878-768x1024.jpg 768w, https:\/\/fruitsdesvaux.be\/wp-content\/uploads\/2025\/03\/img_2878-225x300.jpg 225w, https:\/\/fruitsdesvaux.be\/wp-content\/uploads\/2025\/03\/img_2878-1152x1536.jpg 1152w, https:\/\/fruitsdesvaux.be\/wp-content\/uploads\/2025\/03\/img_2878.jpg 1500w\" sizes=\"auto, (max-width: 768px) 100vw, 768px\" \/><\/figure>\n\n\n\n<figure class=\"wp-block-image size-large\"><img loading=\"lazy\" decoding=\"async\" width=\"768\" height=\"1024\" data-id=\"639\" src=\"https:\/\/fruitsdesvaux.be\/wp-content\/uploads\/2025\/02\/img_7045-768x1024.jpg\" alt=\"\" class=\"wp-image-639\" srcset=\"https:\/\/fruitsdesvaux.be\/wp-content\/uploads\/2025\/02\/img_7045-768x1024.jpg 768w, https:\/\/fruitsdesvaux.be\/wp-content\/uploads\/2025\/02\/img_7045-225x300.jpg 225w, https:\/\/fruitsdesvaux.be\/wp-content\/uploads\/2025\/02\/img_7045-1152x1536.jpg 1152w, https:\/\/fruitsdesvaux.be\/wp-content\/uploads\/2025\/02\/img_7045.jpg 1500w\" sizes=\"auto, (max-width: 768px) 100vw, 768px\" \/><\/figure>\n\n\n\n<figure class=\"wp-block-image size-large\"><img loading=\"lazy\" decoding=\"async\" width=\"768\" height=\"1024\" data-id=\"636\" src=\"https:\/\/fruitsdesvaux.be\/wp-content\/uploads\/2025\/02\/img_7202-1-768x1024.jpg\" alt=\"\" class=\"wp-image-636\" srcset=\"https:\/\/fruitsdesvaux.be\/wp-content\/uploads\/2025\/02\/img_7202-1-768x1024.jpg 768w, https:\/\/fruitsdesvaux.be\/wp-content\/uploads\/2025\/02\/img_7202-1-225x300.jpg 225w, https:\/\/fruitsdesvaux.be\/wp-content\/uploads\/2025\/02\/img_7202-1-1152x1536.jpg 1152w, https:\/\/fruitsdesvaux.be\/wp-content\/uploads\/2025\/02\/img_7202-1.jpg 1500w\" sizes=\"auto, (max-width: 768px) 100vw, 768px\" \/><\/figure>\n\n\n\n<figure class=\"wp-block-image size-large\"><img loading=\"lazy\" decoding=\"async\" width=\"768\" height=\"1024\" data-id=\"621\" src=\"https:\/\/fruitsdesvaux.be\/wp-content\/uploads\/2025\/02\/img_7155-768x1024.jpg\" alt=\"\" class=\"wp-image-621\" srcset=\"https:\/\/fruitsdesvaux.be\/wp-content\/uploads\/2025\/02\/img_7155-768x1024.jpg 768w, https:\/\/fruitsdesvaux.be\/wp-content\/uploads\/2025\/02\/img_7155-225x300.jpg 225w, https:\/\/fruitsdesvaux.be\/wp-content\/uploads\/2025\/02\/img_7155-1152x1536.jpg 1152w, https:\/\/fruitsdesvaux.be\/wp-content\/uploads\/2025\/02\/img_7155.jpg 1500w\" sizes=\"auto, (max-width: 768px) 100vw, 768px\" \/><\/figure>\n\n\n\n<figure class=\"wp-block-image size-large\"><img loading=\"lazy\" decoding=\"async\" width=\"768\" height=\"1024\" data-id=\"922\" src=\"https:\/\/fruitsdesvaux.be\/wp-content\/uploads\/2025\/03\/img_8967-768x1024.jpg\" alt=\"\" class=\"wp-image-922\" srcset=\"https:\/\/fruitsdesvaux.be\/wp-content\/uploads\/2025\/03\/img_8967-768x1024.jpg 768w, https:\/\/fruitsdesvaux.be\/wp-content\/uploads\/2025\/03\/img_8967-225x300.jpg 225w, https:\/\/fruitsdesvaux.be\/wp-content\/uploads\/2025\/03\/img_8967-1152x1536.jpg 1152w, https:\/\/fruitsdesvaux.be\/wp-content\/uploads\/2025\/03\/img_8967.jpg 1500w\" sizes=\"auto, (max-width: 768px) 100vw, 768px\" \/><\/figure>\n\n\n\n<figure class=\"wp-block-image size-large\"><img loading=\"lazy\" decoding=\"async\" width=\"1024\" height=\"768\" data-id=\"623\" src=\"https:\/\/fruitsdesvaux.be\/wp-content\/uploads\/2025\/02\/img_7341-1024x768.jpg\" alt=\"\" class=\"wp-image-623\" srcset=\"https:\/\/fruitsdesvaux.be\/wp-content\/uploads\/2025\/02\/img_7341-1024x768.jpg 1024w, https:\/\/fruitsdesvaux.be\/wp-content\/uploads\/2025\/02\/img_7341-300x225.jpg 300w, https:\/\/fruitsdesvaux.be\/wp-content\/uploads\/2025\/02\/img_7341-768x576.jpg 768w, https:\/\/fruitsdesvaux.be\/wp-content\/uploads\/2025\/02\/img_7341-1536x1152.jpg 1536w, https:\/\/fruitsdesvaux.be\/wp-content\/uploads\/2025\/02\/img_7341.jpg 2000w\" sizes=\"auto, (max-width: 1024px) 100vw, 1024px\" \/><\/figure>\n\n\n\n<figure class=\"wp-block-image size-large\"><img loading=\"lazy\" decoding=\"async\" width=\"768\" height=\"1024\" data-id=\"1024\" src=\"https:\/\/fruitsdesvaux.be\/wp-content\/uploads\/2025\/04\/img_9102-768x1024.jpg\" alt=\"\" class=\"wp-image-1024\" srcset=\"https:\/\/fruitsdesvaux.be\/wp-content\/uploads\/2025\/04\/img_9102-768x1024.jpg 768w, https:\/\/fruitsdesvaux.be\/wp-content\/uploads\/2025\/04\/img_9102-225x300.jpg 225w, https:\/\/fruitsdesvaux.be\/wp-content\/uploads\/2025\/04\/img_9102-1152x1536.jpg 1152w, https:\/\/fruitsdesvaux.be\/wp-content\/uploads\/2025\/04\/img_9102.jpg 1500w\" sizes=\"auto, (max-width: 768px) 100vw, 768px\" \/><\/figure>\n\n\n\n<figure class=\"wp-block-image size-large\"><img loading=\"lazy\" decoding=\"async\" width=\"768\" height=\"1024\" data-id=\"1020\" src=\"https:\/\/fruitsdesvaux.be\/wp-content\/uploads\/2025\/04\/img_9125-768x1024.jpg\" alt=\"\" class=\"wp-image-1020\" srcset=\"https:\/\/fruitsdesvaux.be\/wp-content\/uploads\/2025\/04\/img_9125-768x1024.jpg 768w, https:\/\/fruitsdesvaux.be\/wp-content\/uploads\/2025\/04\/img_9125-225x300.jpg 225w, https:\/\/fruitsdesvaux.be\/wp-content\/uploads\/2025\/04\/img_9125-1152x1536.jpg 1152w, https:\/\/fruitsdesvaux.be\/wp-content\/uploads\/2025\/04\/img_9125.jpg 1500w\" sizes=\"auto, (max-width: 768px) 100vw, 768px\" \/><\/figure>\n\n\n\n<figure class=\"wp-block-image size-large\"><img loading=\"lazy\" decoding=\"async\" width=\"768\" height=\"1024\" data-id=\"1022\" src=\"https:\/\/fruitsdesvaux.be\/wp-content\/uploads\/2025\/04\/img_9128-768x1024.jpg\" alt=\"\" class=\"wp-image-1022\" srcset=\"https:\/\/fruitsdesvaux.be\/wp-content\/uploads\/2025\/04\/img_9128-768x1024.jpg 768w, https:\/\/fruitsdesvaux.be\/wp-content\/uploads\/2025\/04\/img_9128-225x300.jpg 225w, https:\/\/fruitsdesvaux.be\/wp-content\/uploads\/2025\/04\/img_9128-1152x1536.jpg 1152w, https:\/\/fruitsdesvaux.be\/wp-content\/uploads\/2025\/04\/img_9128.jpg 1500w\" sizes=\"auto, (max-width: 768px) 100vw, 768px\" \/><\/figure>\n\n\n\n<figure class=\"wp-block-image size-large\"><img loading=\"lazy\" decoding=\"async\" width=\"768\" height=\"1024\" data-id=\"1021\" src=\"https:\/\/fruitsdesvaux.be\/wp-content\/uploads\/2025\/04\/img_9107-768x1024.jpg\" alt=\"\" class=\"wp-image-1021\" srcset=\"https:\/\/fruitsdesvaux.be\/wp-content\/uploads\/2025\/04\/img_9107-768x1024.jpg 768w, https:\/\/fruitsdesvaux.be\/wp-content\/uploads\/2025\/04\/img_9107-225x300.jpg 225w, https:\/\/fruitsdesvaux.be\/wp-content\/uploads\/2025\/04\/img_9107-1152x1536.jpg 1152w, https:\/\/fruitsdesvaux.be\/wp-content\/uploads\/2025\/04\/img_9107.jpg 1500w\" sizes=\"auto, (max-width: 768px) 100vw, 768px\" \/><\/figure>\n\n\n\n<figure class=\"wp-block-image size-large\"><img loading=\"lazy\" decoding=\"async\" width=\"1024\" height=\"567\" data-id=\"1025\" src=\"https:\/\/fruitsdesvaux.be\/wp-content\/uploads\/2025\/04\/image-1024x567.jpg\" alt=\"\" class=\"wp-image-1025\" srcset=\"https:\/\/fruitsdesvaux.be\/wp-content\/uploads\/2025\/04\/image-1024x567.jpg 1024w, https:\/\/fruitsdesvaux.be\/wp-content\/uploads\/2025\/04\/image-300x166.jpg 300w, https:\/\/fruitsdesvaux.be\/wp-content\/uploads\/2025\/04\/image-768x425.jpg 768w, https:\/\/fruitsdesvaux.be\/wp-content\/uploads\/2025\/04\/image-1536x850.jpg 1536w, https:\/\/fruitsdesvaux.be\/wp-content\/uploads\/2025\/04\/image.jpg 2000w\" sizes=\"auto, (max-width: 1024px) 100vw, 1024px\" \/><\/figure>\n<\/figure>\n<\/div>","protected":false},"excerpt":{"rendered":"<p>Fruits des Vaux groeit &amp; bloeit. Letterlijk. Ons voedselbos is volop in aanleg, met zorg en toewijding geplant voor mens en natuur. We kijken ernaar uit om vanaf 2027 de eerste bezoekers en verblijvers te ontvangen \u2013 om te genieten van de rust, de stilte en de oogst van dit jonge bos in opbouw. Op [&hellip;]<\/p>","protected":false},"author":3,"featured_media":1013,"parent":0,"menu_order":0,"comment_status":"closed","ping_status":"closed","template":"","meta":{"footnotes":""},"class_list":["post-494","page","type-page","status-publish","has-post-thumbnail","hentry"],"_links":{"self":[{"href":"https:\/\/fruitsdesvaux.be\/fr\/wp-json\/wp\/v2\/pages\/494","targetHints":{"allow":["GET"]}}],"collection":[{"href":"https:\/\/fruitsdesvaux.be\/fr\/wp-json\/wp\/v2\/pages"}],"about":[{"href":"https:\/\/fruitsdesvaux.be\/fr\/wp-json\/wp\/v2\/types\/page"}],"author":[{"embeddable":true,"href":"https:\/\/fruitsdesvaux.be\/fr\/wp-json\/wp\/v2\/users\/3"}],"replies":[{"embeddable":true,"href":"https:\/\/fruitsdesvaux.be\/fr\/wp-json\/wp\/v2\/comments?post=494"}],"version-history":[{"count":31,"href":"https:\/\/fruitsdesvaux.be\/fr\/wp-json\/wp\/v2\/pages\/494\/revisions"}],"predecessor-version":[{"id":1134,"href":"https:\/\/fruitsdesvaux.be\/fr\/wp-json\/wp\/v2\/pages\/494\/revisions\/1134"}],"wp:featuredmedia":[{"embeddable":true,"href":"https:\/\/fruitsdesvaux.be\/fr\/wp-json\/wp\/v2\/media\/1013"}],"wp:attachment":[{"href":"https:\/\/fruitsdesvaux.be\/fr\/wp-json\/wp\/v2\/media?parent=494"}],"curies":[{"name":"wp","href":"https:\/\/api.w.org\/{rel}","templated":true}]}}